{"id":565,"date":"2023-01-27T08:30:14","date_gmt":"2023-01-27T08:30:14","guid":{"rendered":"https:\/\/verhoomokyto.fi\/?page_id=565"},"modified":"2023-02-03T10:04:01","modified_gmt":"2023-02-03T10:04:01","slug":"tietosuojaseloste","status":"publish","type":"page","link":"https:\/\/www.verhoomokyto.fi\/?page_id=565","title":{"rendered":"Tietosuojaseloste"},"content":{"rendered":"\t\t<div data-elementor-type=\"wp-page\" data-elementor-id=\"565\" class=\"elementor elementor-565\" data-elementor-post-type=\"page\">\n\t\t\t\t\t\t<section class=\"elementor-section elementor-top-section elementor-element elementor-element-156b1bba elementor-section-boxed elementor-section-height-default elementor-section-height-default\" data-id=\"156b1bba\" data-element_type=\"section\">\n\t\t\t\t\t\t<div class=\"elementor-container elementor-column-gap-default\">\n\t\t\t\t\t<div class=\"elementor-column elementor-col-100 elementor-top-column elementor-element elementor-element-628c76d4\" data-id=\"628c76d4\" data-element_type=\"column\">\n\t\t\t<div class=\"elementor-widget-wrap elementor-element-populated\">\n\t\t\t\t\t\t<div class=\"elementor-element elementor-element-400c6dd0 elementor-widget elementor-widget-text-editor\" data-id=\"400c6dd0\" data-element_type=\"widget\" data-widget_type=\"text-editor.default\">\n\t\t\t\t<div class=\"elementor-widget-container\">\n\t\t\t\t\t\t\t\t\t<p><\/p>\n<h2 class=\"wp-block-heading\">Keit\u00e4 olemme<\/h2>\n<p><\/p>\n<p>Verkkosivustomme osoite on: https:\/\/www.verhoomokyto.fi.<\/p>\n<p>Sivustoa yll\u00e4pit\u00e4\u00e4 Verhoomo Kyt\u00f6 Y-tunnus\u00a03276932-4. <a href=\"https:\/\/verhoomokyto.fi\/#contact\">Ota yhteytt\u00e4<\/a><\/p>\n<p><\/p>\n<h2 class=\"wp-block-heading\"><span style=\"color: inherit; font-family: inherit; font-size: 2rem; font-style: var( --e-global-typography-text-font-style ); letter-spacing: var( --e-global-typography-text-letter-spacing ); text-transform: var( --e-global-typography-text-text-transform ); word-spacing: var( --e-global-typography-text-word-spacing );\">Ev\u00e4steet ja muilta sivustoilta upotettu sis\u00e4lt\u00f6<\/span><\/h2>\n<p><\/p>\n<p>T\u00e4m\u00e4 sivusto voi sis\u00e4lt\u00e4\u00e4 upotettua sis\u00e4lt\u00f6\u00e4 (esimerkiksi videoita, kuvia, artikkeleita jne.). Toisilta sivustoilta tuodun upotetun sis\u00e4ll\u00f6n avaaminen on verrattavissa siihen, ett\u00e4 vierailija itse k\u00e4visi kolmannen osapuolen sivustolla.<\/p>\n<p><\/p>\n<p>Sivustomme k\u00e4ytt\u00e4\u00e4 ev\u00e4steit\u00e4. Ev\u00e4steet tekev\u00e4t sivustomme k\u00e4ytt\u00e4misest\u00e4 helppoa, nopeaa ja k\u00e4ytt\u00e4j\u00e4yst\u00e4v\u00e4llist\u00e4. Ev\u00e4steet mahdollistavat my\u00f6s liiketoimintamme kehitt\u00e4misen.<\/p>\n<p>Ev\u00e4ste on pieni tekstitiedosto, jonka internet-selain tallentaa k\u00e4ytt\u00e4j\u00e4n laitteelle. Ev\u00e4steet asetetaan k\u00e4ytt\u00e4j\u00e4n p\u00e4\u00e4telaitteelle ainoastaan k\u00e4ytt\u00e4j\u00e4n kutsuman sivuston mukana. Vain ev\u00e4steen l\u00e4hett\u00e4nyt palvelin voi my\u00f6hemmin lukea ja k\u00e4ytt\u00e4\u00e4 ev\u00e4stett\u00e4. Ev\u00e4steet tai muut tekniikat eiv\u00e4t vahingoita k\u00e4ytt\u00e4j\u00e4n p\u00e4\u00e4telaitetta tai tiedostoja, eik\u00e4 ev\u00e4steit\u00e4 voi k\u00e4ytt\u00e4\u00e4 ohjelmien k\u00e4ytt\u00e4miseen tai haittaohjelmien levitt\u00e4miseen. K\u00e4ytt\u00e4j\u00e4\u00e4 ei voida tunnistaa pelkkien ev\u00e4steiden avulla.<\/p>\n<p>Ev\u00e4steet jakautuvat alaryhmiin: pakolliset ev\u00e4steet, toiminnalliset ev\u00e4steet, tuotekehitys ja liiketoiminnan raportointi, mainonnan raportointi ja mainonnan kohdentaminen. Pakollisia ev\u00e4steit\u00e4 ei voi est\u00e4\u00e4. Ne liittyv\u00e4t tietoturvaan ja sivuston toiminnan mahdollistamiseen. Pakolliset ev\u00e4steet eiv\u00e4t sis\u00e4ll\u00e4 tunnistettavaa henkil\u00f6tietoa.<\/p>\n<p>K\u00e4yt\u00f6ss\u00e4 on joitakin palvelun toiminnan kannalta oleellisia kolmannen osapuolen ty\u00f6kaluja tai liit\u00e4nn\u00e4isi\u00e4:<\/p>\n<p>Sivustoilla olevat sosiaalisten medioiden tai videopalveluiden upotukset tai sosiaalisten medioiden jako- ja tykk\u00e4ystoiminnallisuudet saattavat ker\u00e4t\u00e4 verkkopalveluiden k\u00e4ytt\u00e4jist\u00e4 tietoja esimerkiksi sis\u00e4ll\u00f6n suosittelemiseksi tai k\u00e4vij\u00e4m\u00e4\u00e4r\u00e4n seuraamiseksi.<br \/>K\u00e4yt\u00e4mme kolmansien osapuolien kuten Googlen ja Facebookin ev\u00e4steit\u00e4. Ev\u00e4steill\u00e4 seurataan verkkosivustomme k\u00e4ytt\u00f6\u00e4, mik\u00e4 voidaan yhdist\u00e4\u00e4 muihin tietoihin.\u00a0<\/p>\n<p>Palvelun kehitt\u00e4miseen tarkoitettujen ev\u00e4steiden ev\u00e4steiden avulla voimme seurata vierailuja ja liikenteen l\u00e4hteit\u00e4, jotta voimme mitata ja parantaa sivustomme suorituskyky\u00e4. Ev\u00e4steiden avulla pystymme kehitt\u00e4m\u00e4\u00e4n palveluamme asiakkaidemme parhaaksi. Jos et salli n\u00e4it\u00e4 ev\u00e4steit\u00e4, emme tied\u00e4, milloin olet vieraillut sivustollamme, emmek\u00e4 voi seurata osaltasi sen toimintaa. N\u00e4m\u00e4 ev\u00e4steet eiv\u00e4t sis\u00e4ll\u00e4 tunnistettavaa henkil\u00f6tietoa.<\/p>\n<p>Voit halutessasi est\u00e4\u00e4 muut kuin pakolliset ev\u00e4steet tai rajata ev\u00e4steiden k\u00e4ytt\u00f6\u00e4 sek\u00e4 poistaa jo tallennetut ev\u00e4steet sivustomme ev\u00e4stetoiminnon kautta.<\/p>\n<p><\/p>\n<h2 class=\"wp-block-heading\">\u00a0<\/h2>\n<p><\/p>\t\t\t\t\t\t\t\t<\/div>\n\t\t\t\t<\/div>\n\t\t\t\t\t<\/div>\n\t\t<\/div>\n\t\t\t\t\t<\/div>\n\t\t<\/section>\n\t\t\t\t<\/div>\n\t\t","protected":false},"excerpt":{"rendered":"<p>Keit\u00e4 olemme Verkkosivustomme osoite on: https:\/\/www.verhoomokyto.fi. Sivustoa yll\u00e4pit\u00e4\u00e4 Verhoomo Kyt\u00f6 Y-tunnus\u00a03276932-4. Ota yhteytt\u00e4 Ev\u00e4steet ja muilta sivustoilta upotettu sis\u00e4lt\u00f6 T\u00e4m\u00e4 sivusto voi sis\u00e4lt\u00e4\u00e4 upotettua sis\u00e4lt\u00f6\u00e4 (esimerkiksi videoita, kuvia, artikkeleita jne.). Toisilta sivustoilta tuodun upotetun sis\u00e4ll\u00f6n avaaminen on verrattavissa siihen, ett\u00e4 vierailija itse k\u00e4visi kolmannen osapuolen sivustolla. Sivustomme k\u00e4ytt\u00e4\u00e4 ev\u00e4steit\u00e4. Ev\u00e4steet tekev\u00e4t sivustomme k\u00e4ytt\u00e4misest\u00e4 helppoa, nopeaa [&hellip;]<\/p>\n","protected":false},"author":1,"featured_media":0,"parent":0,"menu_order":0,"comment_status":"closed","ping_status":"closed","template":"","meta":{"footnotes":""},"class_list":["post-565","page","type-page","status-publish","hentry"],"yoast_head":"<!-- This site is optimized with the Yoast SEO plugin v26.8 - https:\/\/yoast.com\/product\/yoast-seo-wordpress\/ -->\n<title>Tietosuojaseloste - Verhoomo Kyt\u00f6<\/title>\n<meta name=\"description\" content=\"Verhoomopalveluita Espoon Laaksolahdessa\" \/>\n<meta name=\"robots\" content=\"index, follow, max-snippet:-1, max-image-preview:large, max-video-preview:-1\" \/>\n<link rel=\"canonical\" href=\"https:\/\/www.verhoomokyto.fi\/?page_id=565\" \/>\n<meta property=\"og:locale\" content=\"fi_FI\" \/>\n<meta property=\"og:type\" content=\"article\" \/>\n<meta property=\"og:title\" content=\"Tietosuojaseloste - Verhoomo Kyt\u00f6\" \/>\n<meta property=\"og:description\" content=\"Verhoomopalveluita Espoon Laaksolahdessa\" \/>\n<meta property=\"og:url\" content=\"https:\/\/www.verhoomokyto.fi\/?page_id=565\" \/>\n<meta property=\"og:site_name\" content=\"Verhoomo Kyt\u00f6\" \/>\n<meta property=\"article:publisher\" content=\"https:\/\/www.facebook.com\/verhoomokyto\" \/>\n<meta property=\"article:modified_time\" content=\"2023-02-03T10:04:01+00:00\" \/>\n<meta name=\"twitter:card\" content=\"summary_large_image\" \/>\n<meta name=\"twitter:label1\" content=\"Arvioitu lukuaika\" \/>\n\t<meta name=\"twitter:data1\" content=\"2 minuuttia\" \/>\n<script type=\"application\/ld+json\" class=\"yoast-schema-graph\">{\"@context\":\"https:\/\/schema.org\",\"@graph\":[{\"@type\":\"WebPage\",\"@id\":\"https:\/\/www.verhoomokyto.fi\/?page_id=565\",\"url\":\"https:\/\/www.verhoomokyto.fi\/?page_id=565\",\"name\":\"Tietosuojaseloste - Verhoomo Kyt\u00f6\",\"isPartOf\":{\"@id\":\"https:\/\/www.verhoomokyto.fi\/#website\"},\"datePublished\":\"2023-01-27T08:30:14+00:00\",\"dateModified\":\"2023-02-03T10:04:01+00:00\",\"description\":\"Verhoomopalveluita Espoon Laaksolahdessa\",\"breadcrumb\":{\"@id\":\"https:\/\/www.verhoomokyto.fi\/?page_id=565#breadcrumb\"},\"inLanguage\":\"fi\",\"potentialAction\":[{\"@type\":\"ReadAction\",\"target\":[\"https:\/\/www.verhoomokyto.fi\/?page_id=565\"]}]},{\"@type\":\"BreadcrumbList\",\"@id\":\"https:\/\/www.verhoomokyto.fi\/?page_id=565#breadcrumb\",\"itemListElement\":[{\"@type\":\"ListItem\",\"position\":1,\"name\":\"Etusivu\",\"item\":\"https:\/\/www.verhoomokyto.fi\/\"},{\"@type\":\"ListItem\",\"position\":2,\"name\":\"Tietosuojaseloste\"}]},{\"@type\":\"WebSite\",\"@id\":\"https:\/\/www.verhoomokyto.fi\/#website\",\"url\":\"https:\/\/www.verhoomokyto.fi\/\",\"name\":\"Verhoomo Kyt\u00f6\",\"description\":\"Verhoomo Kyt\u00f6 tarjoaa verhoilupalveluita idyllisess\u00e4 Espoon Tr\u00e4sk\u00e4ndassa.\",\"publisher\":{\"@id\":\"https:\/\/www.verhoomokyto.fi\/#organization\"},\"potentialAction\":[{\"@type\":\"SearchAction\",\"target\":{\"@type\":\"EntryPoint\",\"urlTemplate\":\"https:\/\/www.verhoomokyto.fi\/?s={search_term_string}\"},\"query-input\":{\"@type\":\"PropertyValueSpecification\",\"valueRequired\":true,\"valueName\":\"search_term_string\"}}],\"inLanguage\":\"fi\"},{\"@type\":\"Organization\",\"@id\":\"https:\/\/www.verhoomokyto.fi\/#organization\",\"name\":\"Verhoomo Kyt\u00f6\",\"url\":\"https:\/\/www.verhoomokyto.fi\/\",\"logo\":{\"@type\":\"ImageObject\",\"inLanguage\":\"fi\",\"@id\":\"https:\/\/www.verhoomokyto.fi\/#\/schema\/logo\/image\/\",\"url\":\"https:\/\/www.verhoomokyto.fi\/wp-content\/uploads\/2023\/01\/cropped-VerhoomoKytoLogoVihreaLapinakyva.png\",\"contentUrl\":\"https:\/\/www.verhoomokyto.fi\/wp-content\/uploads\/2023\/01\/cropped-VerhoomoKytoLogoVihreaLapinakyva.png\",\"width\":512,\"height\":512,\"caption\":\"Verhoomo Kyt\u00f6\"},\"image\":{\"@id\":\"https:\/\/www.verhoomokyto.fi\/#\/schema\/logo\/image\/\"},\"sameAs\":[\"https:\/\/www.facebook.com\/verhoomokyto\",\"https:\/\/www.instagram.com\/verhoomokyto\/\"]}]}<\/script>\n<!-- \/ Yoast SEO plugin. -->","yoast_head_json":{"title":"Tietosuojaseloste - Verhoomo Kyt\u00f6","description":"Verhoomopalveluita Espoon Laaksolahdessa","robots":{"index":"index","follow":"follow","max-snippet":"max-snippet:-1","max-image-preview":"max-image-preview:large","max-video-preview":"max-video-preview:-1"},"canonical":"https:\/\/www.verhoomokyto.fi\/?page_id=565","og_locale":"fi_FI","og_type":"article","og_title":"Tietosuojaseloste - Verhoomo Kyt\u00f6","og_description":"Verhoomopalveluita Espoon Laaksolahdessa","og_url":"https:\/\/www.verhoomokyto.fi\/?page_id=565","og_site_name":"Verhoomo Kyt\u00f6","article_publisher":"https:\/\/www.facebook.com\/verhoomokyto","article_modified_time":"2023-02-03T10:04:01+00:00","twitter_card":"summary_large_image","twitter_misc":{"Arvioitu lukuaika":"2 minuuttia"},"schema":{"@context":"https:\/\/schema.org","@graph":[{"@type":"WebPage","@id":"https:\/\/www.verhoomokyto.fi\/?page_id=565","url":"https:\/\/www.verhoomokyto.fi\/?page_id=565","name":"Tietosuojaseloste - Verhoomo Kyt\u00f6","isPartOf":{"@id":"https:\/\/www.verhoomokyto.fi\/#website"},"datePublished":"2023-01-27T08:30:14+00:00","dateModified":"2023-02-03T10:04:01+00:00","description":"Verhoomopalveluita Espoon Laaksolahdessa","breadcrumb":{"@id":"https:\/\/www.verhoomokyto.fi\/?page_id=565#breadcrumb"},"inLanguage":"fi","potentialAction":[{"@type":"ReadAction","target":["https:\/\/www.verhoomokyto.fi\/?page_id=565"]}]},{"@type":"BreadcrumbList","@id":"https:\/\/www.verhoomokyto.fi\/?page_id=565#breadcrumb","itemListElement":[{"@type":"ListItem","position":1,"name":"Etusivu","item":"https:\/\/www.verhoomokyto.fi\/"},{"@type":"ListItem","position":2,"name":"Tietosuojaseloste"}]},{"@type":"WebSite","@id":"https:\/\/www.verhoomokyto.fi\/#website","url":"https:\/\/www.verhoomokyto.fi\/","name":"Verhoomo Kyt\u00f6","description":"Verhoomo Kyt\u00f6 tarjoaa verhoilupalveluita idyllisess\u00e4 Espoon Tr\u00e4sk\u00e4ndassa.","publisher":{"@id":"https:\/\/www.verhoomokyto.fi\/#organization"},"potentialAction":[{"@type":"SearchAction","target":{"@type":"EntryPoint","urlTemplate":"https:\/\/www.verhoomokyto.fi\/?s={search_term_string}"},"query-input":{"@type":"PropertyValueSpecification","valueRequired":true,"valueName":"search_term_string"}}],"inLanguage":"fi"},{"@type":"Organization","@id":"https:\/\/www.verhoomokyto.fi\/#organization","name":"Verhoomo Kyt\u00f6","url":"https:\/\/www.verhoomokyto.fi\/","logo":{"@type":"ImageObject","inLanguage":"fi","@id":"https:\/\/www.verhoomokyto.fi\/#\/schema\/logo\/image\/","url":"https:\/\/www.verhoomokyto.fi\/wp-content\/uploads\/2023\/01\/cropped-VerhoomoKytoLogoVihreaLapinakyva.png","contentUrl":"https:\/\/www.verhoomokyto.fi\/wp-content\/uploads\/2023\/01\/cropped-VerhoomoKytoLogoVihreaLapinakyva.png","width":512,"height":512,"caption":"Verhoomo Kyt\u00f6"},"image":{"@id":"https:\/\/www.verhoomokyto.fi\/#\/schema\/logo\/image\/"},"sameAs":["https:\/\/www.facebook.com\/verhoomokyto","https:\/\/www.instagram.com\/verhoomokyto\/"]}]}},"_links":{"self":[{"href":"https:\/\/www.verhoomokyto.fi\/index.php?rest_route=\/wp\/v2\/pages\/565","targetHints":{"allow":["GET"]}}],"collection":[{"href":"https:\/\/www.verhoomokyto.fi\/index.php?rest_route=\/wp\/v2\/pages"}],"about":[{"href":"https:\/\/www.verhoomokyto.fi\/index.php?rest_route=\/wp\/v2\/types\/page"}],"author":[{"embeddable":true,"href":"https:\/\/www.verhoomokyto.fi\/index.php?rest_route=\/wp\/v2\/users\/1"}],"replies":[{"embeddable":true,"href":"https:\/\/www.verhoomokyto.fi\/index.php?rest_route=%2Fwp%2Fv2%2Fcomments&post=565"}],"version-history":[{"count":22,"href":"https:\/\/www.verhoomokyto.fi\/index.php?rest_route=\/wp\/v2\/pages\/565\/revisions"}],"predecessor-version":[{"id":734,"href":"https:\/\/www.verhoomokyto.fi\/index.php?rest_route=\/wp\/v2\/pages\/565\/revisions\/734"}],"wp:attachment":[{"href":"https:\/\/www.verhoomokyto.fi\/index.php?rest_route=%2Fwp%2Fv2%2Fmedia&parent=565"}],"curies":[{"name":"wp","href":"https:\/\/api.w.org\/{rel}","templated":true}]}}