{"id":447,"date":"2023-01-19T16:49:12","date_gmt":"2023-01-19T16:49:12","guid":{"rendered":"https:\/\/verhoomokyto.fi\/?page_id=447"},"modified":"2023-09-30T13:39:33","modified_gmt":"2023-09-30T13:39:33","slug":"ajoohjeet","status":"publish","type":"page","link":"https:\/\/www.verhoomokyto.fi\/?page_id=447","title":{"rendered":"Saapumisohje"},"content":{"rendered":"\t\t<div data-elementor-type=\"wp-page\" data-elementor-id=\"447\" class=\"elementor elementor-447\" data-elementor-post-type=\"page\">\n\t\t\t\t\t\t<section class=\"elementor-section elementor-top-section elementor-element elementor-element-ad0c0cb elementor-section-boxed elementor-section-height-default elementor-section-height-default\" data-id=\"ad0c0cb\" data-element_type=\"section\">\n\t\t\t\t\t\t<div class=\"elementor-container elementor-column-gap-default\">\n\t\t\t\t\t<div class=\"elementor-column elementor-col-50 elementor-top-column elementor-element elementor-element-d3fb688\" data-id=\"d3fb688\" data-element_type=\"column\">\n\t\t\t<div class=\"elementor-widget-wrap elementor-element-populated\">\n\t\t\t\t\t\t<div class=\"elementor-element elementor-element-4bdfe26 elementor-widget-mobile__width-auto elementor-widget elementor-widget-image\" data-id=\"4bdfe26\" data-element_type=\"widget\" data-widget_type=\"image.default\">\n\t\t\t\t<div class=\"elementor-widget-container\">\n\t\t\t\t\t\t\t\t\t\t\t\t\t\t\t<img decoding=\"async\" width=\"1\" height=\"1\" src=\"https:\/\/www.verhoomokyto.fi\/wp-content\/uploads\/2023\/01\/4.svg\" class=\"attachment-medium size-medium wp-image-177\" alt=\"\" \/>\t\t\t\t\t\t\t\t\t\t\t\t\t\t\t<\/div>\n\t\t\t\t<\/div>\n\t\t\t\t\t<\/div>\n\t\t<\/div>\n\t\t\t\t<div class=\"elementor-column elementor-col-50 elementor-top-column elementor-element elementor-element-82c1083\" data-id=\"82c1083\" data-element_type=\"column\">\n\t\t\t<div class=\"elementor-widget-wrap elementor-element-populated\">\n\t\t\t\t\t\t<div class=\"elementor-element elementor-element-db9a642 elementor-widget-mobile__width-auto elementor-widget elementor-widget-text-editor\" data-id=\"db9a642\" data-element_type=\"widget\" data-widget_type=\"text-editor.default\">\n\t\t\t\t<div class=\"elementor-widget-container\">\n\t\t\t\t\t\t\t\t\t<p><a href=\"\/\">Palaa etusivulle<\/a><\/p>\t\t\t\t\t\t\t\t<\/div>\n\t\t\t\t<\/div>\n\t\t\t\t\t<\/div>\n\t\t<\/div>\n\t\t\t\t\t<\/div>\n\t\t<\/section>\n\t\t\t\t<section class=\"elementor-section elementor-top-section elementor-element elementor-element-352418c elementor-section-boxed elementor-section-height-default elementor-section-height-default\" data-id=\"352418c\" data-element_type=\"section\">\n\t\t\t\t\t\t<div class=\"elementor-container elementor-column-gap-default\">\n\t\t\t\t\t<div class=\"elementor-column elementor-col-100 elementor-top-column elementor-element elementor-element-0bb4ca0\" data-id=\"0bb4ca0\" data-element_type=\"column\">\n\t\t\t<div class=\"elementor-widget-wrap elementor-element-populated\">\n\t\t\t\t\t\t<div class=\"elementor-element elementor-element-34ad98c elementor-widget elementor-widget-heading\" data-id=\"34ad98c\" data-element_type=\"widget\" data-widget_type=\"heading.default\">\n\t\t\t\t<div class=\"elementor-widget-container\">\n\t\t\t\t\t<h2 class=\"elementor-heading-title elementor-size-default\">Saapumisohjeet verhoomolle<\/h2>\t\t\t\t<\/div>\n\t\t\t\t<\/div>\n\t\t\t\t<div class=\"elementor-element elementor-element-8038fda elementor-widget elementor-widget-text-editor\" data-id=\"8038fda\" data-element_type=\"widget\" data-widget_type=\"text-editor.default\">\n\t\t\t\t<div class=\"elementor-widget-container\">\n\t\t\t\t\t\t\t\t\t<p>Huonekalua kuljetettaessa voit ajaa autolla suoraan Verhoomo Kyd\u00f6n oven eteen (rahtiovi) kuvaan merkitty\u00e4 reitti\u00e4. Soita tarvittaessa <a href=\"tel:(+358) 50 302 6346\">(+358) 50 302 6346<\/a>.<\/p><p>Muussa tapauksessa voit pys\u00e4k\u00f6id\u00e4 auton merkitylle pys\u00e4k\u00f6intialueelle.<\/p><p>Tervetuloa!<\/p>\t\t\t\t\t\t\t\t<\/div>\n\t\t\t\t<\/div>\n\t\t\t\t<div class=\"elementor-element elementor-element-c673282 elementor-widget elementor-widget-image\" data-id=\"c673282\" data-element_type=\"widget\" data-widget_type=\"image.default\">\n\t\t\t\t<div class=\"elementor-widget-container\">\n\t\t\t\t\t\t\t\t\t\t\t\t\t\t\t<img fetchpriority=\"high\" decoding=\"async\" width=\"800\" height=\"617\" src=\"https:\/\/www.verhoomokyto.fi\/wp-content\/uploads\/2023\/09\/kartta2.png\" class=\"attachment-large size-large wp-image-899\" alt=\"Saapumisohje\" srcset=\"https:\/\/www.verhoomokyto.fi\/wp-content\/uploads\/2023\/09\/kartta2.png 913w, https:\/\/www.verhoomokyto.fi\/wp-content\/uploads\/2023\/09\/kartta2-300x231.png 300w, https:\/\/www.verhoomokyto.fi\/wp-content\/uploads\/2023\/09\/kartta2-768x592.png 768w\" sizes=\"(max-width: 800px) 100vw, 800px\" \/>\t\t\t\t\t\t\t\t\t\t\t\t\t\t\t<\/div>\n\t\t\t\t<\/div>\n\t\t\t\t<div class=\"elementor-element elementor-element-14382d5 elementor-widget elementor-widget-text-editor\" data-id=\"14382d5\" data-element_type=\"widget\" data-widget_type=\"text-editor.default\">\n\t\t\t\t<div class=\"elementor-widget-container\">\n\t\t\t\t\t\t\t\t\t<p><a href=\"https:\/\/goo.gl\/maps\/KdfVYVZtiPCeq7wu5\">Kuninkaantie 43, Espoo<\/a><br \/>Tr\u00e4sk\u00e4nda Auroratalo<\/p><p>\u00a0<\/p><p>\u00a0<\/p>\t\t\t\t\t\t\t\t<\/div>\n\t\t\t\t<\/div>\n\t\t\t\t<div class=\"elementor-element elementor-element-ec72b5e elementor-widget elementor-widget-image\" data-id=\"ec72b5e\" data-element_type=\"widget\" data-widget_type=\"image.default\">\n\t\t\t\t<div class=\"elementor-widget-container\">\n\t\t\t\t\t\t\t\t\t\t\t\t\t\t\t<img decoding=\"async\" width=\"768\" height=\"768\" src=\"https:\/\/www.verhoomokyto.fi\/wp-content\/uploads\/2023\/03\/sisaankaynti-768x768.webp\" class=\"attachment-medium_large size-medium_large wp-image-810\" alt=\"Verhoomon sis\u00e4\u00e4nk\u00e4ynti\" srcset=\"https:\/\/www.verhoomokyto.fi\/wp-content\/uploads\/2023\/03\/sisaankaynti-768x768.webp 768w, https:\/\/www.verhoomokyto.fi\/wp-content\/uploads\/2023\/03\/sisaankaynti-300x300.webp 300w, https:\/\/www.verhoomokyto.fi\/wp-content\/uploads\/2023\/03\/sisaankaynti-150x150.webp 150w, https:\/\/www.verhoomokyto.fi\/wp-content\/uploads\/2023\/03\/sisaankaynti.webp 1000w\" sizes=\"(max-width: 768px) 100vw, 768px\" \/>\t\t\t\t\t\t\t\t\t\t\t\t\t\t\t<\/div>\n\t\t\t\t<\/div>\n\t\t\t\t\t<\/div>\n\t\t<\/div>\n\t\t\t\t\t<\/div>\n\t\t<\/section>\n\t\t\t\t<\/div>\n\t\t","protected":false},"excerpt":{"rendered":"<p>Palaa etusivulle Saapumisohjeet verhoomolle Huonekalua kuljetettaessa voit ajaa autolla suoraan Verhoomo Kyd\u00f6n oven eteen (rahtiovi) kuvaan merkitty\u00e4 reitti\u00e4. Soita tarvittaessa (+358) 50 302 6346. Muussa tapauksessa voit pys\u00e4k\u00f6id\u00e4 auton merkitylle pys\u00e4k\u00f6intialueelle. Tervetuloa! Kuninkaantie 43, EspooTr\u00e4sk\u00e4nda Auroratalo \u00a0 \u00a0<\/p>\n","protected":false},"author":1,"featured_media":0,"parent":0,"menu_order":0,"comment_status":"closed","ping_status":"closed","template":"","meta":{"footnotes":""},"class_list":["post-447","page","type-page","status-publish","hentry"],"yoast_head":"<!-- This site is optimized with the Yoast SEO plugin v26.8 - https:\/\/yoast.com\/product\/yoast-seo-wordpress\/ -->\n<title>Saapumisohje - Verhoomo Kyt\u00f6<\/title>\n<meta name=\"description\" content=\"Verhoomopalveluita Espoon Laaksolahdessa\" \/>\n<meta name=\"robots\" content=\"index, follow, max-snippet:-1, max-image-preview:large, max-video-preview:-1\" \/>\n<link rel=\"canonical\" href=\"https:\/\/www.verhoomokyto.fi\/?page_id=447\" \/>\n<meta property=\"og:locale\" content=\"fi_FI\" \/>\n<meta property=\"og:type\" content=\"article\" \/>\n<meta property=\"og:title\" content=\"Saapumisohje - Verhoomo Kyt\u00f6\" \/>\n<meta property=\"og:description\" content=\"Verhoomopalveluita Espoon Laaksolahdessa\" \/>\n<meta property=\"og:url\" content=\"https:\/\/www.verhoomokyto.fi\/?page_id=447\" \/>\n<meta property=\"og:site_name\" content=\"Verhoomo Kyt\u00f6\" \/>\n<meta property=\"article:publisher\" content=\"https:\/\/www.facebook.com\/verhoomokyto\" \/>\n<meta property=\"article:modified_time\" content=\"2023-09-30T13:39:33+00:00\" \/>\n<meta property=\"og:image\" content=\"https:\/\/www.verhoomokyto.fi\/wp-content\/uploads\/2023\/01\/4.svg\" \/>\n<meta name=\"twitter:card\" content=\"summary_large_image\" \/>\n<meta name=\"twitter:label1\" content=\"Arvioitu lukuaika\" \/>\n\t<meta name=\"twitter:data1\" content=\"1 minuutti\" \/>\n<script type=\"application\/ld+json\" class=\"yoast-schema-graph\">{\"@context\":\"https:\/\/schema.org\",\"@graph\":[{\"@type\":\"WebPage\",\"@id\":\"https:\/\/www.verhoomokyto.fi\/?page_id=447\",\"url\":\"https:\/\/www.verhoomokyto.fi\/?page_id=447\",\"name\":\"Saapumisohje - Verhoomo Kyt\u00f6\",\"isPartOf\":{\"@id\":\"https:\/\/www.verhoomokyto.fi\/#website\"},\"primaryImageOfPage\":{\"@id\":\"https:\/\/www.verhoomokyto.fi\/?page_id=447#primaryimage\"},\"image\":{\"@id\":\"https:\/\/www.verhoomokyto.fi\/?page_id=447#primaryimage\"},\"thumbnailUrl\":\"https:\/\/www.verhoomokyto.fi\/wp-content\/uploads\/2023\/01\/4.svg\",\"datePublished\":\"2023-01-19T16:49:12+00:00\",\"dateModified\":\"2023-09-30T13:39:33+00:00\",\"description\":\"Verhoomopalveluita Espoon Laaksolahdessa\",\"breadcrumb\":{\"@id\":\"https:\/\/www.verhoomokyto.fi\/?page_id=447#breadcrumb\"},\"inLanguage\":\"fi\",\"potentialAction\":[{\"@type\":\"ReadAction\",\"target\":[\"https:\/\/www.verhoomokyto.fi\/?page_id=447\"]}]},{\"@type\":\"ImageObject\",\"inLanguage\":\"fi\",\"@id\":\"https:\/\/www.verhoomokyto.fi\/?page_id=447#primaryimage\",\"url\":\"https:\/\/www.verhoomokyto.fi\/wp-content\/uploads\/2023\/01\/4.svg\",\"contentUrl\":\"https:\/\/www.verhoomokyto.fi\/wp-content\/uploads\/2023\/01\/4.svg\"},{\"@type\":\"BreadcrumbList\",\"@id\":\"https:\/\/www.verhoomokyto.fi\/?page_id=447#breadcrumb\",\"itemListElement\":[{\"@type\":\"ListItem\",\"position\":1,\"name\":\"Etusivu\",\"item\":\"https:\/\/www.verhoomokyto.fi\/\"},{\"@type\":\"ListItem\",\"position\":2,\"name\":\"Saapumisohje\"}]},{\"@type\":\"WebSite\",\"@id\":\"https:\/\/www.verhoomokyto.fi\/#website\",\"url\":\"https:\/\/www.verhoomokyto.fi\/\",\"name\":\"Verhoomo Kyt\u00f6\",\"description\":\"Verhoomo Kyt\u00f6 tarjoaa verhoilupalveluita idyllisess\u00e4 Espoon Tr\u00e4sk\u00e4ndassa.\",\"publisher\":{\"@id\":\"https:\/\/www.verhoomokyto.fi\/#organization\"},\"potentialAction\":[{\"@type\":\"SearchAction\",\"target\":{\"@type\":\"EntryPoint\",\"urlTemplate\":\"https:\/\/www.verhoomokyto.fi\/?s={search_term_string}\"},\"query-input\":{\"@type\":\"PropertyValueSpecification\",\"valueRequired\":true,\"valueName\":\"search_term_string\"}}],\"inLanguage\":\"fi\"},{\"@type\":\"Organization\",\"@id\":\"https:\/\/www.verhoomokyto.fi\/#organization\",\"name\":\"Verhoomo Kyt\u00f6\",\"url\":\"https:\/\/www.verhoomokyto.fi\/\",\"logo\":{\"@type\":\"ImageObject\",\"inLanguage\":\"fi\",\"@id\":\"https:\/\/www.verhoomokyto.fi\/#\/schema\/logo\/image\/\",\"url\":\"https:\/\/www.verhoomokyto.fi\/wp-content\/uploads\/2023\/01\/cropped-VerhoomoKytoLogoVihreaLapinakyva.png\",\"contentUrl\":\"https:\/\/www.verhoomokyto.fi\/wp-content\/uploads\/2023\/01\/cropped-VerhoomoKytoLogoVihreaLapinakyva.png\",\"width\":512,\"height\":512,\"caption\":\"Verhoomo Kyt\u00f6\"},\"image\":{\"@id\":\"https:\/\/www.verhoomokyto.fi\/#\/schema\/logo\/image\/\"},\"sameAs\":[\"https:\/\/www.facebook.com\/verhoomokyto\",\"https:\/\/www.instagram.com\/verhoomokyto\/\"]}]}<\/script>\n<!-- \/ Yoast SEO plugin. -->","yoast_head_json":{"title":"Saapumisohje - Verhoomo Kyt\u00f6","description":"Verhoomopalveluita Espoon Laaksolahdessa","robots":{"index":"index","follow":"follow","max-snippet":"max-snippet:-1","max-image-preview":"max-image-preview:large","max-video-preview":"max-video-preview:-1"},"canonical":"https:\/\/www.verhoomokyto.fi\/?page_id=447","og_locale":"fi_FI","og_type":"article","og_title":"Saapumisohje - Verhoomo Kyt\u00f6","og_description":"Verhoomopalveluita Espoon Laaksolahdessa","og_url":"https:\/\/www.verhoomokyto.fi\/?page_id=447","og_site_name":"Verhoomo Kyt\u00f6","article_publisher":"https:\/\/www.facebook.com\/verhoomokyto","article_modified_time":"2023-09-30T13:39:33+00:00","og_image":[{"url":"https:\/\/www.verhoomokyto.fi\/wp-content\/uploads\/2023\/01\/4.svg","type":"","width":"","height":""}],"twitter_card":"summary_large_image","twitter_misc":{"Arvioitu lukuaika":"1 minuutti"},"schema":{"@context":"https:\/\/schema.org","@graph":[{"@type":"WebPage","@id":"https:\/\/www.verhoomokyto.fi\/?page_id=447","url":"https:\/\/www.verhoomokyto.fi\/?page_id=447","name":"Saapumisohje - Verhoomo Kyt\u00f6","isPartOf":{"@id":"https:\/\/www.verhoomokyto.fi\/#website"},"primaryImageOfPage":{"@id":"https:\/\/www.verhoomokyto.fi\/?page_id=447#primaryimage"},"image":{"@id":"https:\/\/www.verhoomokyto.fi\/?page_id=447#primaryimage"},"thumbnailUrl":"https:\/\/www.verhoomokyto.fi\/wp-content\/uploads\/2023\/01\/4.svg","datePublished":"2023-01-19T16:49:12+00:00","dateModified":"2023-09-30T13:39:33+00:00","description":"Verhoomopalveluita Espoon Laaksolahdessa","breadcrumb":{"@id":"https:\/\/www.verhoomokyto.fi\/?page_id=447#breadcrumb"},"inLanguage":"fi","potentialAction":[{"@type":"ReadAction","target":["https:\/\/www.verhoomokyto.fi\/?page_id=447"]}]},{"@type":"ImageObject","inLanguage":"fi","@id":"https:\/\/www.verhoomokyto.fi\/?page_id=447#primaryimage","url":"https:\/\/www.verhoomokyto.fi\/wp-content\/uploads\/2023\/01\/4.svg","contentUrl":"https:\/\/www.verhoomokyto.fi\/wp-content\/uploads\/2023\/01\/4.svg"},{"@type":"BreadcrumbList","@id":"https:\/\/www.verhoomokyto.fi\/?page_id=447#breadcrumb","itemListElement":[{"@type":"ListItem","position":1,"name":"Etusivu","item":"https:\/\/www.verhoomokyto.fi\/"},{"@type":"ListItem","position":2,"name":"Saapumisohje"}]},{"@type":"WebSite","@id":"https:\/\/www.verhoomokyto.fi\/#website","url":"https:\/\/www.verhoomokyto.fi\/","name":"Verhoomo Kyt\u00f6","description":"Verhoomo Kyt\u00f6 tarjoaa verhoilupalveluita idyllisess\u00e4 Espoon Tr\u00e4sk\u00e4ndassa.","publisher":{"@id":"https:\/\/www.verhoomokyto.fi\/#organization"},"potentialAction":[{"@type":"SearchAction","target":{"@type":"EntryPoint","urlTemplate":"https:\/\/www.verhoomokyto.fi\/?s={search_term_string}"},"query-input":{"@type":"PropertyValueSpecification","valueRequired":true,"valueName":"search_term_string"}}],"inLanguage":"fi"},{"@type":"Organization","@id":"https:\/\/www.verhoomokyto.fi\/#organization","name":"Verhoomo Kyt\u00f6","url":"https:\/\/www.verhoomokyto.fi\/","logo":{"@type":"ImageObject","inLanguage":"fi","@id":"https:\/\/www.verhoomokyto.fi\/#\/schema\/logo\/image\/","url":"https:\/\/www.verhoomokyto.fi\/wp-content\/uploads\/2023\/01\/cropped-VerhoomoKytoLogoVihreaLapinakyva.png","contentUrl":"https:\/\/www.verhoomokyto.fi\/wp-content\/uploads\/2023\/01\/cropped-VerhoomoKytoLogoVihreaLapinakyva.png","width":512,"height":512,"caption":"Verhoomo Kyt\u00f6"},"image":{"@id":"https:\/\/www.verhoomokyto.fi\/#\/schema\/logo\/image\/"},"sameAs":["https:\/\/www.facebook.com\/verhoomokyto","https:\/\/www.instagram.com\/verhoomokyto\/"]}]}},"_links":{"self":[{"href":"https:\/\/www.verhoomokyto.fi\/index.php?rest_route=\/wp\/v2\/pages\/447","targetHints":{"allow":["GET"]}}],"collection":[{"href":"https:\/\/www.verhoomokyto.fi\/index.php?rest_route=\/wp\/v2\/pages"}],"about":[{"href":"https:\/\/www.verhoomokyto.fi\/index.php?rest_route=\/wp\/v2\/types\/page"}],"author":[{"embeddable":true,"href":"https:\/\/www.verhoomokyto.fi\/index.php?rest_route=\/wp\/v2\/users\/1"}],"replies":[{"embeddable":true,"href":"https:\/\/www.verhoomokyto.fi\/index.php?rest_route=%2Fwp%2Fv2%2Fcomments&post=447"}],"version-history":[{"count":43,"href":"https:\/\/www.verhoomokyto.fi\/index.php?rest_route=\/wp\/v2\/pages\/447\/revisions"}],"predecessor-version":[{"id":902,"href":"https:\/\/www.verhoomokyto.fi\/index.php?rest_route=\/wp\/v2\/pages\/447\/revisions\/902"}],"wp:attachment":[{"href":"https:\/\/www.verhoomokyto.fi\/index.php?rest_route=%2Fwp%2Fv2%2Fmedia&parent=447"}],"curies":[{"name":"wp","href":"https:\/\/api.w.org\/{rel}","templated":true}]}}