{"id":414,"date":"2023-01-18T16:31:11","date_gmt":"2023-01-18T16:31:11","guid":{"rendered":"https:\/\/verhoomokyt\u00f6.fi\/?page_id=414"},"modified":"2026-01-02T08:01:02","modified_gmt":"2026-01-02T08:01:02","slug":"hoito-ohje","status":"publish","type":"page","link":"https:\/\/www.verhoomokyto.fi\/?page_id=414","title":{"rendered":"Hoito-ohje"},"content":{"rendered":"\t\t<div data-elementor-type=\"wp-page\" data-elementor-id=\"414\" class=\"elementor elementor-414\" data-elementor-post-type=\"page\">\n\t\t\t\t\t\t<section class=\"elementor-section elementor-top-section elementor-element elementor-element-3b9c3a4 elementor-section-boxed elementor-section-height-default elementor-section-height-default\" data-id=\"3b9c3a4\" data-element_type=\"section\">\n\t\t\t\t\t\t<div class=\"elementor-container elementor-column-gap-default\">\n\t\t\t\t\t<div class=\"elementor-column elementor-col-50 elementor-top-column elementor-element elementor-element-480d219\" data-id=\"480d219\" data-element_type=\"column\">\n\t\t\t<div class=\"elementor-widget-wrap elementor-element-populated\">\n\t\t\t\t\t\t<div class=\"elementor-element elementor-element-6a0bc52 elementor-widget-mobile__width-auto elementor-widget elementor-widget-image\" data-id=\"6a0bc52\" data-element_type=\"widget\" data-widget_type=\"image.default\">\n\t\t\t\t<div class=\"elementor-widget-container\">\n\t\t\t\t\t\t\t\t\t\t\t\t\t\t\t<img decoding=\"async\" width=\"1\" height=\"1\" src=\"https:\/\/www.verhoomokyto.fi\/wp-content\/uploads\/2023\/01\/4.svg\" class=\"attachment-medium size-medium wp-image-177\" alt=\"\" \/>\t\t\t\t\t\t\t\t\t\t\t\t\t\t\t<\/div>\n\t\t\t\t<\/div>\n\t\t\t\t\t<\/div>\n\t\t<\/div>\n\t\t\t\t<div class=\"elementor-column elementor-col-50 elementor-top-column elementor-element elementor-element-57fae0e\" data-id=\"57fae0e\" data-element_type=\"column\">\n\t\t\t<div class=\"elementor-widget-wrap elementor-element-populated\">\n\t\t\t\t\t\t<div class=\"elementor-element elementor-element-5f39c61 elementor-widget-mobile__width-auto elementor-widget elementor-widget-text-editor\" data-id=\"5f39c61\" data-element_type=\"widget\" data-widget_type=\"text-editor.default\">\n\t\t\t\t<div class=\"elementor-widget-container\">\n\t\t\t\t\t\t\t\t\t<p><a href=\"\/\">Palaa etusivulle<\/a><\/p>\t\t\t\t\t\t\t\t<\/div>\n\t\t\t\t<\/div>\n\t\t\t\t\t<\/div>\n\t\t<\/div>\n\t\t\t\t\t<\/div>\n\t\t<\/section>\n\t\t\t\t<section class=\"elementor-section elementor-top-section elementor-element elementor-element-35bb8fe elementor-section-boxed elementor-section-height-default elementor-section-height-default\" data-id=\"35bb8fe\" data-element_type=\"section\">\n\t\t\t\t\t\t<div class=\"elementor-container elementor-column-gap-default\">\n\t\t\t\t\t<div class=\"elementor-column elementor-col-100 elementor-top-column elementor-element elementor-element-f47a25d\" data-id=\"f47a25d\" data-element_type=\"column\">\n\t\t\t<div class=\"elementor-widget-wrap elementor-element-populated\">\n\t\t\t\t\t\t<div class=\"elementor-element elementor-element-ba05e40 elementor-widget elementor-widget-image\" data-id=\"ba05e40\" data-element_type=\"widget\" data-widget_type=\"image.default\">\n\t\t\t\t<div class=\"elementor-widget-container\">\n\t\t\t\t\t\t\t\t\t\t\t\t\t\t\t<img fetchpriority=\"high\" decoding=\"async\" width=\"724\" height=\"1024\" src=\"https:\/\/www.verhoomokyto.fi\/wp-content\/uploads\/2023\/01\/Hoito-ohje_kyto-724x1024.png\" class=\"attachment-large size-large wp-image-355\" alt=\"Hoito-ohje\" srcset=\"https:\/\/www.verhoomokyto.fi\/wp-content\/uploads\/2023\/01\/Hoito-ohje_kyto-724x1024.png 724w, https:\/\/www.verhoomokyto.fi\/wp-content\/uploads\/2023\/01\/Hoito-ohje_kyto-212x300.png 212w, https:\/\/www.verhoomokyto.fi\/wp-content\/uploads\/2023\/01\/Hoito-ohje_kyto-768x1086.png 768w, https:\/\/www.verhoomokyto.fi\/wp-content\/uploads\/2023\/01\/Hoito-ohje_kyto-1086x1536.png 1086w, https:\/\/www.verhoomokyto.fi\/wp-content\/uploads\/2023\/01\/Hoito-ohje_kyto.png 1414w\" sizes=\"(max-width: 724px) 100vw, 724px\" \/>\t\t\t\t\t\t\t\t\t\t\t\t\t\t\t<\/div>\n\t\t\t\t<\/div>\n\t\t\t\t\t<\/div>\n\t\t<\/div>\n\t\t\t\t\t<\/div>\n\t\t<\/section>\n\t\t\t\t<\/div>\n\t\t","protected":false},"excerpt":{"rendered":"<p>Palaa etusivulle<\/p>\n","protected":false},"author":1,"featured_media":0,"parent":0,"menu_order":0,"comment_status":"closed","ping_status":"closed","template":"","meta":{"footnotes":""},"class_list":["post-414","page","type-page","status-publish","hentry"],"yoast_head":"<!-- This site is optimized with the Yoast SEO plugin v26.8 - https:\/\/yoast.com\/product\/yoast-seo-wordpress\/ -->\n<title>Hoito-ohje - Verhoomo Kyt\u00f6<\/title>\n<meta name=\"description\" content=\"Verhoomopalveluita Espoon Laaksolahdessa\" \/>\n<meta name=\"robots\" content=\"index, follow, max-snippet:-1, max-image-preview:large, max-video-preview:-1\" \/>\n<link rel=\"canonical\" href=\"https:\/\/www.verhoomokyto.fi\/?page_id=414\" \/>\n<meta property=\"og:locale\" content=\"fi_FI\" \/>\n<meta property=\"og:type\" content=\"article\" \/>\n<meta property=\"og:title\" content=\"Hoito-ohje - Verhoomo Kyt\u00f6\" \/>\n<meta property=\"og:description\" content=\"Verhoomopalveluita Espoon Laaksolahdessa\" \/>\n<meta property=\"og:url\" content=\"https:\/\/www.verhoomokyto.fi\/?page_id=414\" \/>\n<meta property=\"og:site_name\" content=\"Verhoomo Kyt\u00f6\" \/>\n<meta property=\"article:publisher\" content=\"https:\/\/www.facebook.com\/verhoomokyto\" \/>\n<meta property=\"article:modified_time\" content=\"2026-01-02T08:01:02+00:00\" \/>\n<meta name=\"twitter:card\" content=\"summary_large_image\" \/>\n<meta name=\"twitter:label1\" content=\"Arvioitu lukuaika\" \/>\n\t<meta name=\"twitter:data1\" content=\"1 minuutti\" \/>\n<script type=\"application\/ld+json\" class=\"yoast-schema-graph\">{\"@context\":\"https:\/\/schema.org\",\"@graph\":[{\"@type\":\"WebPage\",\"@id\":\"https:\/\/www.verhoomokyto.fi\/?page_id=414\",\"url\":\"https:\/\/www.verhoomokyto.fi\/?page_id=414\",\"name\":\"Hoito-ohje - Verhoomo Kyt\u00f6\",\"isPartOf\":{\"@id\":\"https:\/\/www.verhoomokyto.fi\/#website\"},\"primaryImageOfPage\":{\"@id\":\"https:\/\/www.verhoomokyto.fi\/?page_id=414#primaryimage\"},\"image\":{\"@id\":\"https:\/\/www.verhoomokyto.fi\/?page_id=414#primaryimage\"},\"thumbnailUrl\":\"https:\/\/www.verhoomokyto.fi\/wp-content\/uploads\/2023\/01\/4.svg\",\"datePublished\":\"2023-01-18T16:31:11+00:00\",\"dateModified\":\"2026-01-02T08:01:02+00:00\",\"description\":\"Verhoomopalveluita Espoon Laaksolahdessa\",\"breadcrumb\":{\"@id\":\"https:\/\/www.verhoomokyto.fi\/?page_id=414#breadcrumb\"},\"inLanguage\":\"fi\",\"potentialAction\":[{\"@type\":\"ReadAction\",\"target\":[\"https:\/\/www.verhoomokyto.fi\/?page_id=414\"]}]},{\"@type\":\"ImageObject\",\"inLanguage\":\"fi\",\"@id\":\"https:\/\/www.verhoomokyto.fi\/?page_id=414#primaryimage\",\"url\":\"https:\/\/www.verhoomokyto.fi\/wp-content\/uploads\/2023\/01\/4.svg\",\"contentUrl\":\"https:\/\/www.verhoomokyto.fi\/wp-content\/uploads\/2023\/01\/4.svg\"},{\"@type\":\"BreadcrumbList\",\"@id\":\"https:\/\/www.verhoomokyto.fi\/?page_id=414#breadcrumb\",\"itemListElement\":[{\"@type\":\"ListItem\",\"position\":1,\"name\":\"Etusivu\",\"item\":\"https:\/\/www.verhoomokyto.fi\/\"},{\"@type\":\"ListItem\",\"position\":2,\"name\":\"Hoito-ohje\"}]},{\"@type\":\"WebSite\",\"@id\":\"https:\/\/www.verhoomokyto.fi\/#website\",\"url\":\"https:\/\/www.verhoomokyto.fi\/\",\"name\":\"Verhoomo Kyt\u00f6\",\"description\":\"Verhoomo Kyt\u00f6 tarjoaa verhoilupalveluita idyllisess\u00e4 Espoon Tr\u00e4sk\u00e4ndassa.\",\"publisher\":{\"@id\":\"https:\/\/www.verhoomokyto.fi\/#organization\"},\"potentialAction\":[{\"@type\":\"SearchAction\",\"target\":{\"@type\":\"EntryPoint\",\"urlTemplate\":\"https:\/\/www.verhoomokyto.fi\/?s={search_term_string}\"},\"query-input\":{\"@type\":\"PropertyValueSpecification\",\"valueRequired\":true,\"valueName\":\"search_term_string\"}}],\"inLanguage\":\"fi\"},{\"@type\":\"Organization\",\"@id\":\"https:\/\/www.verhoomokyto.fi\/#organization\",\"name\":\"Verhoomo Kyt\u00f6\",\"url\":\"https:\/\/www.verhoomokyto.fi\/\",\"logo\":{\"@type\":\"ImageObject\",\"inLanguage\":\"fi\",\"@id\":\"https:\/\/www.verhoomokyto.fi\/#\/schema\/logo\/image\/\",\"url\":\"https:\/\/www.verhoomokyto.fi\/wp-content\/uploads\/2023\/01\/cropped-VerhoomoKytoLogoVihreaLapinakyva.png\",\"contentUrl\":\"https:\/\/www.verhoomokyto.fi\/wp-content\/uploads\/2023\/01\/cropped-VerhoomoKytoLogoVihreaLapinakyva.png\",\"width\":512,\"height\":512,\"caption\":\"Verhoomo Kyt\u00f6\"},\"image\":{\"@id\":\"https:\/\/www.verhoomokyto.fi\/#\/schema\/logo\/image\/\"},\"sameAs\":[\"https:\/\/www.facebook.com\/verhoomokyto\",\"https:\/\/www.instagram.com\/verhoomokyto\/\"]}]}<\/script>\n<!-- \/ Yoast SEO plugin. -->","yoast_head_json":{"title":"Hoito-ohje - Verhoomo Kyt\u00f6","description":"Verhoomopalveluita Espoon Laaksolahdessa","robots":{"index":"index","follow":"follow","max-snippet":"max-snippet:-1","max-image-preview":"max-image-preview:large","max-video-preview":"max-video-preview:-1"},"canonical":"https:\/\/www.verhoomokyto.fi\/?page_id=414","og_locale":"fi_FI","og_type":"article","og_title":"Hoito-ohje - Verhoomo Kyt\u00f6","og_description":"Verhoomopalveluita Espoon Laaksolahdessa","og_url":"https:\/\/www.verhoomokyto.fi\/?page_id=414","og_site_name":"Verhoomo Kyt\u00f6","article_publisher":"https:\/\/www.facebook.com\/verhoomokyto","article_modified_time":"2026-01-02T08:01:02+00:00","twitter_card":"summary_large_image","twitter_misc":{"Arvioitu lukuaika":"1 minuutti"},"schema":{"@context":"https:\/\/schema.org","@graph":[{"@type":"WebPage","@id":"https:\/\/www.verhoomokyto.fi\/?page_id=414","url":"https:\/\/www.verhoomokyto.fi\/?page_id=414","name":"Hoito-ohje - Verhoomo Kyt\u00f6","isPartOf":{"@id":"https:\/\/www.verhoomokyto.fi\/#website"},"primaryImageOfPage":{"@id":"https:\/\/www.verhoomokyto.fi\/?page_id=414#primaryimage"},"image":{"@id":"https:\/\/www.verhoomokyto.fi\/?page_id=414#primaryimage"},"thumbnailUrl":"https:\/\/www.verhoomokyto.fi\/wp-content\/uploads\/2023\/01\/4.svg","datePublished":"2023-01-18T16:31:11+00:00","dateModified":"2026-01-02T08:01:02+00:00","description":"Verhoomopalveluita Espoon Laaksolahdessa","breadcrumb":{"@id":"https:\/\/www.verhoomokyto.fi\/?page_id=414#breadcrumb"},"inLanguage":"fi","potentialAction":[{"@type":"ReadAction","target":["https:\/\/www.verhoomokyto.fi\/?page_id=414"]}]},{"@type":"ImageObject","inLanguage":"fi","@id":"https:\/\/www.verhoomokyto.fi\/?page_id=414#primaryimage","url":"https:\/\/www.verhoomokyto.fi\/wp-content\/uploads\/2023\/01\/4.svg","contentUrl":"https:\/\/www.verhoomokyto.fi\/wp-content\/uploads\/2023\/01\/4.svg"},{"@type":"BreadcrumbList","@id":"https:\/\/www.verhoomokyto.fi\/?page_id=414#breadcrumb","itemListElement":[{"@type":"ListItem","position":1,"name":"Etusivu","item":"https:\/\/www.verhoomokyto.fi\/"},{"@type":"ListItem","position":2,"name":"Hoito-ohje"}]},{"@type":"WebSite","@id":"https:\/\/www.verhoomokyto.fi\/#website","url":"https:\/\/www.verhoomokyto.fi\/","name":"Verhoomo Kyt\u00f6","description":"Verhoomo Kyt\u00f6 tarjoaa verhoilupalveluita idyllisess\u00e4 Espoon Tr\u00e4sk\u00e4ndassa.","publisher":{"@id":"https:\/\/www.verhoomokyto.fi\/#organization"},"potentialAction":[{"@type":"SearchAction","target":{"@type":"EntryPoint","urlTemplate":"https:\/\/www.verhoomokyto.fi\/?s={search_term_string}"},"query-input":{"@type":"PropertyValueSpecification","valueRequired":true,"valueName":"search_term_string"}}],"inLanguage":"fi"},{"@type":"Organization","@id":"https:\/\/www.verhoomokyto.fi\/#organization","name":"Verhoomo Kyt\u00f6","url":"https:\/\/www.verhoomokyto.fi\/","logo":{"@type":"ImageObject","inLanguage":"fi","@id":"https:\/\/www.verhoomokyto.fi\/#\/schema\/logo\/image\/","url":"https:\/\/www.verhoomokyto.fi\/wp-content\/uploads\/2023\/01\/cropped-VerhoomoKytoLogoVihreaLapinakyva.png","contentUrl":"https:\/\/www.verhoomokyto.fi\/wp-content\/uploads\/2023\/01\/cropped-VerhoomoKytoLogoVihreaLapinakyva.png","width":512,"height":512,"caption":"Verhoomo Kyt\u00f6"},"image":{"@id":"https:\/\/www.verhoomokyto.fi\/#\/schema\/logo\/image\/"},"sameAs":["https:\/\/www.facebook.com\/verhoomokyto","https:\/\/www.instagram.com\/verhoomokyto\/"]}]}},"_links":{"self":[{"href":"https:\/\/www.verhoomokyto.fi\/index.php?rest_route=\/wp\/v2\/pages\/414","targetHints":{"allow":["GET"]}}],"collection":[{"href":"https:\/\/www.verhoomokyto.fi\/index.php?rest_route=\/wp\/v2\/pages"}],"about":[{"href":"https:\/\/www.verhoomokyto.fi\/index.php?rest_route=\/wp\/v2\/types\/page"}],"author":[{"embeddable":true,"href":"https:\/\/www.verhoomokyto.fi\/index.php?rest_route=\/wp\/v2\/users\/1"}],"replies":[{"embeddable":true,"href":"https:\/\/www.verhoomokyto.fi\/index.php?rest_route=%2Fwp%2Fv2%2Fcomments&post=414"}],"version-history":[{"count":17,"href":"https:\/\/www.verhoomokyto.fi\/index.php?rest_route=\/wp\/v2\/pages\/414\/revisions"}],"predecessor-version":[{"id":1556,"href":"https:\/\/www.verhoomokyto.fi\/index.php?rest_route=\/wp\/v2\/pages\/414\/revisions\/1556"}],"wp:attachment":[{"href":"https:\/\/www.verhoomokyto.fi\/index.php?rest_route=%2Fwp%2Fv2%2Fmedia&parent=414"}],"curies":[{"name":"wp","href":"https:\/\/api.w.org\/{rel}","templated":true}]}}